{"id":780,"date":"2013-11-18T11:07:23","date_gmt":"2013-11-18T11:07:23","guid":{"rendered":"http:\/\/www.osadapohadka.cz\/web\/?page_id=780"},"modified":"2013-11-18T11:07:23","modified_gmt":"2013-11-18T11:07:23","slug":"detske-letni-tabory-v-roce-2013","status":"publish","type":"page","link":"https:\/\/www.osadapohadka.cz\/web\/detske-letni-tabory-v-roce-2013\/","title":{"rendered":"D\u011btsk\u00e9 letn\u00ed t\u00e1bory v roce 2013"},"content":{"rendered":"<h3>D\u011btsk\u00e9 letn\u00ed t\u00e1bory v roce 2013<\/h3>\nngg_shortcode_0_placeholder\n","protected":false},"excerpt":{"rendered":"<p>D\u011btsk\u00e9 letn\u00ed t\u00e1bory v roce 2013<\/p>\n","protected":false},"author":1,"featured_media":0,"parent":0,"menu_order":0,"comment_status":"closed","ping_status":"open","template":"","meta":{"ngg_post_thumbnail":0,"_links_to":"","_links_to_target":""},"_links":{"self":[{"href":"https:\/\/www.osadapohadka.cz\/web\/wp-json\/wp\/v2\/pages\/780"}],"collection":[{"href":"https:\/\/www.osadapohadka.cz\/web\/wp-json\/wp\/v2\/pages"}],"about":[{"href":"https:\/\/www.osadapohadka.cz\/web\/wp-json\/wp\/v2\/types\/page"}],"author":[{"embeddable":true,"href":"https:\/\/www.osadapohadka.cz\/web\/wp-json\/wp\/v2\/users\/1"}],"replies":[{"embeddable":true,"href":"https:\/\/www.osadapohadka.cz\/web\/wp-json\/wp\/v2\/comments?post=780"}],"version-history":[{"count":1,"href":"https:\/\/www.osadapohadka.cz\/web\/wp-json\/wp\/v2\/pages\/780\/revisions"}],"predecessor-version":[{"id":781,"href":"https:\/\/www.osadapohadka.cz\/web\/wp-json\/wp\/v2\/pages\/780\/revisions\/781"}],"wp:attachment":[{"href":"https:\/\/www.osadapohadka.cz\/web\/wp-json\/wp\/v2\/media?parent=780"}],"curies":[{"name":"wp","href":"https:\/\/api.w.org\/{rel}","templated":true}]}}