{"id":714,"date":"2013-05-29T14:26:18","date_gmt":"2013-05-29T14:26:18","guid":{"rendered":"http:\/\/www.osadapohadka.cz\/web\/?page_id=714"},"modified":"2013-05-29T14:26:27","modified_gmt":"2013-05-29T14:26:27","slug":"chatova-osada-pohadka-bela-pod-bezdezem","status":"publish","type":"page","link":"https:\/\/www.osadapohadka.cz\/web\/fotogalerie\/chatova-osada-pohadka-bela-pod-bezdezem\/","title":{"rendered":"Chatov\u00e1 osada Poh\u00e1dka B\u011bl\u00e1 pod Bezd\u011bzem"},"content":{"rendered":"ngg_shortcode_0_placeholder\n<p>Ubytov\u00e1n\u00ed ve 4 l\u016f\u017ekov\u00fdch chatk\u00e1ch. Vhodn\u00e9 pro d\u011btsk\u00e9 letn\u00ed t\u00e1bory, \u0161koln\u00ed v\u00fdlety, cyklisty i turisty, rekreanty i firmy, pro po\u0159\u00e1d\u00e1n\u00ed \u0161kolen\u00ed a semin\u00e1\u0159\u016f. Informace na: <a href=\"http:\/\/www.osadapohadka.cz\">www.osadapohadka.cz<\/a><\/p>\n","protected":false},"excerpt":{"rendered":"<p>Ubytov\u00e1n\u00ed ve 4 l\u016f\u017ekov\u00fdch chatk\u00e1ch. Vhodn\u00e9 pro d\u011btsk\u00e9 letn\u00ed t\u00e1bory, \u0161koln\u00ed v\u00fdlety, cyklisty i turisty, rekreanty i firmy, pro po\u0159\u00e1d\u00e1n\u00ed \u0161kolen\u00ed a semin\u00e1\u0159\u016f. Informace na: www.osadapohadka.cz<\/p>\n","protected":false},"author":1,"featured_media":0,"parent":27,"menu_order":0,"comment_status":"closed","ping_status":"open","template":"","meta":{"ngg_post_thumbnail":0,"_links_to":"","_links_to_target":""},"_links":{"self":[{"href":"https:\/\/www.osadapohadka.cz\/web\/wp-json\/wp\/v2\/pages\/714"}],"collection":[{"href":"https:\/\/www.osadapohadka.cz\/web\/wp-json\/wp\/v2\/pages"}],"about":[{"href":"https:\/\/www.osadapohadka.cz\/web\/wp-json\/wp\/v2\/types\/page"}],"author":[{"embeddable":true,"href":"https:\/\/www.osadapohadka.cz\/web\/wp-json\/wp\/v2\/users\/1"}],"replies":[{"embeddable":true,"href":"https:\/\/www.osadapohadka.cz\/web\/wp-json\/wp\/v2\/comments?post=714"}],"version-history":[{"count":2,"href":"https:\/\/www.osadapohadka.cz\/web\/wp-json\/wp\/v2\/pages\/714\/revisions"}],"predecessor-version":[{"id":716,"href":"https:\/\/www.osadapohadka.cz\/web\/wp-json\/wp\/v2\/pages\/714\/revisions\/716"}],"up":[{"embeddable":true,"href":"https:\/\/www.osadapohadka.cz\/web\/wp-json\/wp\/v2\/pages\/27"}],"wp:attachment":[{"href":"https:\/\/www.osadapohadka.cz\/web\/wp-json\/wp\/v2\/media?parent=714"}],"curies":[{"name":"wp","href":"https:\/\/api.w.org\/{rel}","templated":true}]}}