{"id":478,"date":"2013-04-27T07:39:22","date_gmt":"2013-04-27T07:39:22","guid":{"rendered":"http:\/\/www.osadapohadka.cz\/web\/?page_id=478"},"modified":"2026-01-30T13:22:21","modified_gmt":"2026-01-30T13:22:21","slug":"cenik","status":"publish","type":"page","link":"https:\/\/www.osadapohadka.cz\/web\/cenik\/","title":{"rendered":"Cen\u00edk"},"content":{"rendered":"<h3><em><strong>Cen\u00edk T\u00e1bory 2026<br \/>\n<\/strong><\/em><\/h3>\n<style type=\"text\/css\"><!-- .tg {border-collapse:collapse;border-spacing:0;} .tg td{font-family:Arial, sans-serif;font-size:14px;padding:10px 5px;border-style:solid;border-width:0px;overflow:hidden;word-break:normal;} .tg th{font-family:Arial, sans-serif;font-size:14px;font-weight:normal;padding:10px 5px;border-style:solid;border-width:0px;overflow:hidden;word-break:normal;} .tg .tg-jogk{font-style:italic;vertical-align:top} .tg .tg-yw4l{vertical-align:top} --><\/style>\n<table class=\"tg\">\n<tbody>\n<tr>\n<th class=\"tg-yw4l\">&nbsp;<\/th>\n<th class=\"tg-yw4l\">&nbsp;<\/th>\n<\/tr>\n<tr>\n<td class=\"tg-yw4l\">1\/4 l\u016f\u017ekov\u00e1 chatka<\/td>\n<td class=\"tg-yw4l\">&nbsp;250,&#8211; K\u010d za osobu&nbsp; &nbsp; &nbsp; &nbsp;<\/td>\n<\/tr>\n<tr>\n<td class=\"tg-yw4l\">&nbsp;ztr\u00e1ta kl\u00ed\u010de<\/td>\n<td class=\"tg-yw4l\">&nbsp;1000,&#8211; K\u010d<\/td>\n<\/tr>\n<tr>\n<td class=\"tg-yw4l\">Kuchy\u0148&nbsp;<\/td>\n<td class=\"tg-yw4l\">&nbsp;7000,-.K\u010d\/1 den v\u010detn\u011b energii<\/td>\n<\/tr>\n<tr>\n<td class=\"tg-yw4l\">P\u0159\u00edplatek na \u00fakl\u00edd<\/td>\n<td class=\"tg-yw4l\">&nbsp;<\/td>\n<\/tr>\n<tr>\n<td class=\"tg-yw4l\">Poplatek ya dovoy odpadu&nbsp;<\/td>\n<td class=\"tg-yw4l\">3500,&#8211;K\u010d<\/td>\n<\/tr>\n<tr>\n<td class=\"tg-yw4l\">&nbsp;<\/td>\n<td class=\"tg-yw4l\">&nbsp;<\/td>\n<\/tr>\n<tr>\n<td class=\"tg-yw4l\">&nbsp;<\/td>\n<td class=\"tg-yw4l\">&nbsp;<\/td>\n<\/tr>\n<tr>\n<td class=\"tg-yw4l\">&nbsp;<\/td>\n<td class=\"tg-yw4l\">&nbsp;<\/td>\n<\/tr>\n<tr>\n<td class=\"tg-yw4l\">&nbsp;<\/td>\n<td class=\"tg-yw4l\">&nbsp;<\/td>\n<\/tr>\n<tr>\n<td class=\"tg-yw4l\">&nbsp;<\/td>\n<td class=\"tg-yw4l\">&nbsp;<\/td>\n<\/tr>\n<\/tbody>\n<\/table>\n<p>Kapacita&nbsp; chatov\u00e9 osady je 120 osob.<br \/>\n<div class=\"divider type-simple\"><\/div><\/p>\n<p>&nbsp;<\/p>\n<h3><em><strong>Stornovac\u00ed podm\u00ednky :<\/strong><\/em><\/h3>\n<p>Z\u00e1loha na ubytov\u00e1n\u00ed ve v\u00fd\u0161i 50% je nevratn\u00e1.<br \/>\nDoplatek je nevratn\u00fd 3-0 den p\u0159ed n\u00e1stupem, nenastoupen\u00ed na pobyt \u010di p\u0159i p\u0159ed\u010dasn\u00e9m odjezdu.<\/p>\n<p>&nbsp;<\/p>\n","protected":false},"excerpt":{"rendered":"<p>Cen\u00edk T\u00e1bory 2026 &nbsp; &nbsp; 1\/4 l\u016f\u017ekov\u00e1 chatka &nbsp;250,&#8211; K\u010d za osobu&nbsp; &nbsp; &nbsp; &nbsp; &nbsp;ztr\u00e1ta kl\u00ed\u010de &nbsp;1000,&#8211; K\u010d Kuchy\u0148&nbsp; &nbsp;7000,-.K\u010d\/1 den v\u010detn\u011b energii P\u0159\u00edplatek na \u00fakl\u00edd &nbsp; Poplatek ya dovoy odpadu&nbsp; 3500,&#8211;K\u010d &nbsp; &nbsp; &nbsp; &nbsp; &nbsp; &nbsp; &nbsp; &nbsp; &nbsp; &nbsp; Kapacita&nbsp; chatov\u00e9 osady je 120 osob. &nbsp; Stornovac\u00ed podm\u00ednky : Z\u00e1loha na [&hellip;]<\/p>\n","protected":false},"author":1,"featured_media":0,"parent":0,"menu_order":0,"comment_status":"closed","ping_status":"open","template":"","meta":{"ngg_post_thumbnail":0,"_links_to":"","_links_to_target":""},"_links":{"self":[{"href":"https:\/\/www.osadapohadka.cz\/web\/wp-json\/wp\/v2\/pages\/478"}],"collection":[{"href":"https:\/\/www.osadapohadka.cz\/web\/wp-json\/wp\/v2\/pages"}],"about":[{"href":"https:\/\/www.osadapohadka.cz\/web\/wp-json\/wp\/v2\/types\/page"}],"author":[{"embeddable":true,"href":"https:\/\/www.osadapohadka.cz\/web\/wp-json\/wp\/v2\/users\/1"}],"replies":[{"embeddable":true,"href":"https:\/\/www.osadapohadka.cz\/web\/wp-json\/wp\/v2\/comments?post=478"}],"version-history":[{"count":4,"href":"https:\/\/www.osadapohadka.cz\/web\/wp-json\/wp\/v2\/pages\/478\/revisions"}],"predecessor-version":[{"id":923,"href":"https:\/\/www.osadapohadka.cz\/web\/wp-json\/wp\/v2\/pages\/478\/revisions\/923"}],"wp:attachment":[{"href":"https:\/\/www.osadapohadka.cz\/web\/wp-json\/wp\/v2\/media?parent=478"}],"curies":[{"name":"wp","href":"https:\/\/api.w.org\/{rel}","templated":true}]}}