{"id":47,"date":"2013-01-03T21:33:17","date_gmt":"2013-01-03T21:33:17","guid":{"rendered":"http:\/\/osadapohadka.cz\/web\/?page_id=47"},"modified":"2016-09-02T10:38:22","modified_gmt":"2016-09-02T10:38:22","slug":"kontakty","status":"publish","type":"page","link":"https:\/\/www.osadapohadka.cz\/web\/kontakty\/","title":{"rendered":"Kontakty"},"content":{"rendered":"<div class=\"grid\"><div class=\"c-one-half \">\n<h3><em><strong>Adresa<\/strong><\/em><\/h3>\n<p><a href=\"https:\/\/www.osadapohadka.cz\/web\/kontakty\/osada_logo_2\/\" rel=\"attachment wp-att-264\"><img loading=\"lazy\" class=\"alignnone size-full wp-image-264\" alt=\"osada_logo_2\" src=\"https:\/\/www.osadapohadka.cz\/web\/wp-content\/uploads\/2013\/01\/osada_logo_2.png\" width=\"236\" height=\"97\" \/><\/a><\/p>\n<p><strong>Chatov\u00e1 Osada Poh\u00e1dka<\/strong><br \/>\n294 21 B\u011bl\u00e1 pod Bezd\u011bzem<\/p>\n<p>GPS:\u00a050\u00b030&#8217;35.697&#8243;N, 14\u00b047&#8217;35.059&#8243;E<\/p>\n<p>Mobil:<br \/>\n+420 724 211 587<\/p>\n<p>+420 775 172 122<\/p>\n<p>Email: <a href=\"mailto:info@osadapohadka.cz\">info@osadapohadka.cz<\/a><br \/>\n<a href=\"http:\/\/www.osadapohadka.cz\/\">http:\/\/www.osadapohadka.cz<\/a><\/p>\n<p>Pokud n\u00e1s nem\u016f\u017eete naj\u00edt nev\u00e1hejte a zavolejte!<\/p>\n<p>T\u011b\u0161\u00edme se na V\u00e1s!<\/p>\n<p><strong>Autem<\/strong> &#8211; od Mlad\u00e9 Boleslavi sm\u011br \u010cesk\u00e1 L\u00edpa, na konci m\u011bsta B\u011bl\u00e1 p\/B., proti benz\u00ednov\u00e9 pump\u011b odbo\u010dit vpravo.<br \/>\n<strong>Autobusem<\/strong> &#8211; p\u0159\u00edm\u00e1 linka Praha-B\u011bl\u00e1 pod Bezd\u011bzem, nebo Mlad\u00e9 Boleslav-B\u011bl\u00e1 pod Bezd\u011bzem, na zast\u00e1vce B\u011bl\u00e1 pod Bezd\u011bzem-ATMOS vystoupit a p\u011b\u0161ky asi 300m. po sm\u011brov\u00e9 tabuli<br \/>\n<strong>Vlakem<\/strong> &#8211; ve stanici B\u011bl\u00e1 pod Bezd\u011bzem-M\u011aSTO vystoupit a d\u00e1le asi 2km.<\/p>\n<\/div><div class=\"c-one-half \">\n<h3><em><strong>Napi\u0161te n\u00e1m \/ rezervace<br \/>\n<\/strong><\/em><\/h3>\n<div role=\"form\" class=\"wpcf7\" id=\"wpcf7-f254-o1\" lang=\"en-US\" dir=\"ltr\">\n<div class=\"screen-reader-response\"><p role=\"status\" aria-live=\"polite\" aria-atomic=\"true\"><\/p> <ul><\/ul><\/div>\n<form action=\"\/web\/wp-json\/wp\/v2\/pages\/47#wpcf7-f254-o1\" method=\"post\" class=\"wpcf7-form init\" novalidate=\"novalidate\" data-status=\"init\">\n<div style=\"display: none;\">\n<input type=\"hidden\" name=\"_wpcf7\" value=\"254\" \/>\n<input type=\"hidden\" name=\"_wpcf7_version\" value=\"5.5.4\" \/>\n<input type=\"hidden\" name=\"_wpcf7_locale\" value=\"en_US\" \/>\n<input type=\"hidden\" name=\"_wpcf7_unit_tag\" value=\"wpcf7-f254-o1\" \/>\n<input type=\"hidden\" name=\"_wpcf7_container_post\" value=\"0\" \/>\n<input type=\"hidden\" name=\"_wpcf7_posted_data_hash\" value=\"\" \/>\n<\/div>\n<p>Va\u0161e jm\u00e9no (vy\u017eadov\u00e1no)<br \/>\n    <span class=\"wpcf7-form-control-wrap your-name\"><input type=\"text\" name=\"your-name\" value=\"\" size=\"40\" class=\"wpcf7-form-control wpcf7-text wpcf7-validates-as-required\" aria-required=\"true\" aria-invalid=\"false\" \/><\/span> <\/p>\n<p>V\u00e1\u0161 email (vy\u017eadov\u00e1no)<br \/>\n    <span class=\"wpcf7-form-control-wrap your-email\"><input type=\"email\" name=\"your-email\" value=\"\" size=\"40\" class=\"wpcf7-form-control wpcf7-text wpcf7-email wpcf7-validates-as-required wpcf7-validates-as-email\" aria-required=\"true\" aria-invalid=\"false\" \/><\/span> <\/p>\n<p>V\u00e1\u0161 telefon (vy\u017eadov\u00e1no)<br \/>\n   <span class=\"wpcf7-form-control-wrap text-602\"><input type=\"text\" name=\"text-602\" value=\"\" size=\"40\" class=\"wpcf7-form-control wpcf7-text wpcf7-validates-as-required\" aria-required=\"true\" aria-invalid=\"false\" \/><\/span> <\/p>\n<p>P\u0159edm\u011bt<br \/>\n    <span class=\"wpcf7-form-control-wrap your-subject\"><input type=\"text\" name=\"your-subject\" value=\"\" size=\"40\" class=\"wpcf7-form-control wpcf7-text\" aria-invalid=\"false\" \/><\/span> <\/p>\n<p>Datum p\u0159\u00edjezdu<br \/>\n   <span class=\"wpcf7-form-control-wrap date-560\"><input type=\"date\" name=\"date-560\" value=\"\" class=\"wpcf7-form-control wpcf7-date wpcf7-validates-as-date\" aria-invalid=\"false\" \/><\/span> <\/p>\n<p>Datum odjezdu<br \/>\n   <span class=\"wpcf7-form-control-wrap date-653\"><input type=\"date\" name=\"date-653\" value=\"\" class=\"wpcf7-form-control wpcf7-date wpcf7-validates-as-date\" aria-invalid=\"false\" \/><\/span> <\/p>\n<p>Va\u0161e zpr\u00e1va<br \/>\n    <span class=\"wpcf7-form-control-wrap your-message\"><textarea name=\"your-message\" cols=\"40\" rows=\"10\" class=\"wpcf7-form-control wpcf7-textarea\" aria-invalid=\"false\"><\/textarea><\/span> <\/p>\n<p><input type=\"submit\" value=\"Odeslat zpr\u00e1vu\" class=\"wpcf7-form-control has-spinner wpcf7-submit\" \/><\/p>\n<div class=\"wpcf7-response-output\" aria-hidden=\"true\"><\/div><\/form><\/div>\n<\/div><\/div><\/p>\n<div class=\"divider-arrow\"><div><\/div><\/div>\n<h3><em><strong>Kde n\u00e1s nejdete?<\/strong><\/em><\/h3>\n<p><iframe loading=\"lazy\" src=\"https:\/\/maps.google.cz\/maps\/ms?msa=0&amp;msid=201284940916662571138.0004d28b4e9e31c4aaa2e&amp;brcurrent=5,0,0&amp;ie=UTF8&amp;t=h&amp;ll=50.510779,14.792769&amp;spn=0.003138,0.0103&amp;z=17&amp;iwloc=0004d28b5c8e6a82633db&amp;output=embed\" height=\"460\" width=\"960\" frameborder=\"0\" marginwidth=\"0\" marginheight=\"0\" scrolling=\"no\"><\/iframe><br \/>\n<small>Zobrazit m\u00edsto <a style=\"color: #0000ff; text-align: left;\" href=\"https:\/\/maps.google.cz\/maps\/ms?msa=0&amp;msid=201284940916662571138.0004d28b4e9e31c4aaa2e&amp;brcurrent=5,0,0&amp;ie=UTF8&amp;t=h&amp;ll=50.510779,14.792769&amp;spn=0.003138,0.0103&amp;z=17&amp;iwloc=0004d28b5c8e6a82633db&amp;source=embed\">Chatov\u00e1 Osada Poh\u00e1dka<\/a> na v\u011bt\u0161\u00ed map\u011b<\/small><\/p>\n","protected":false},"excerpt":{"rendered":"<p>Kde n\u00e1s nejdete? Zobrazit m\u00edsto Chatov\u00e1 Osada Poh\u00e1dka na v\u011bt\u0161\u00ed map\u011b<\/p>\n","protected":false},"author":1,"featured_media":0,"parent":0,"menu_order":0,"comment_status":"closed","ping_status":"open","template":"","meta":{"ngg_post_thumbnail":0,"_links_to":"","_links_to_target":""},"_links":{"self":[{"href":"https:\/\/www.osadapohadka.cz\/web\/wp-json\/wp\/v2\/pages\/47"}],"collection":[{"href":"https:\/\/www.osadapohadka.cz\/web\/wp-json\/wp\/v2\/pages"}],"about":[{"href":"https:\/\/www.osadapohadka.cz\/web\/wp-json\/wp\/v2\/types\/page"}],"author":[{"embeddable":true,"href":"https:\/\/www.osadapohadka.cz\/web\/wp-json\/wp\/v2\/users\/1"}],"replies":[{"embeddable":true,"href":"https:\/\/www.osadapohadka.cz\/web\/wp-json\/wp\/v2\/comments?post=47"}],"version-history":[{"count":4,"href":"https:\/\/www.osadapohadka.cz\/web\/wp-json\/wp\/v2\/pages\/47\/revisions"}],"predecessor-version":[{"id":863,"href":"https:\/\/www.osadapohadka.cz\/web\/wp-json\/wp\/v2\/pages\/47\/revisions\/863"}],"wp:attachment":[{"href":"https:\/\/www.osadapohadka.cz\/web\/wp-json\/wp\/v2\/media?parent=47"}],"curies":[{"name":"wp","href":"https:\/\/api.w.org\/{rel}","templated":true}]}}