{"id":435,"date":"2013-03-01T13:36:45","date_gmt":"2013-03-01T13:36:45","guid":{"rendered":"http:\/\/www.osadapohadka.cz\/web\/?page_id=435"},"modified":"2013-04-29T16:30:30","modified_gmt":"2013-04-29T16:30:30","slug":"staj-katerina-h-h","status":"publish","type":"page","link":"https:\/\/www.osadapohadka.cz\/web\/fotogalerie\/staj-katerina-h-h\/","title":{"rendered":"St\u00e1j Kate\u0159ina H + H"},"content":{"rendered":"<p>St\u00e1j Kate\u0159ina H + H<\/p>\nngg_shortcode_0_placeholder\n<p>Vyj\u00ed\u017e\u010fky do malebn\u00e9 p\u0159\u00edrody ve voln\u00e9m \u010dase pro jednotlivce, rodi\u010de s d\u011btmi i pro cel\u00e9 skupiny.<br \/>\n<a href=\"www.stajkaterina.cz\">www.stajkaterina.cz<\/a><\/p>\n","protected":false},"excerpt":{"rendered":"<p>St\u00e1j Kate\u0159ina H + H Vyj\u00ed\u017e\u010fky do malebn\u00e9 p\u0159\u00edrody ve voln\u00e9m \u010dase pro jednotlivce, rodi\u010de s d\u011btmi i pro cel\u00e9 skupiny. www.stajkaterina.cz<\/p>\n","protected":false},"author":1,"featured_media":0,"parent":27,"menu_order":10,"comment_status":"closed","ping_status":"open","template":"","meta":{"ngg_post_thumbnail":0,"_links_to":"","_links_to_target":""},"_links":{"self":[{"href":"https:\/\/www.osadapohadka.cz\/web\/wp-json\/wp\/v2\/pages\/435"}],"collection":[{"href":"https:\/\/www.osadapohadka.cz\/web\/wp-json\/wp\/v2\/pages"}],"about":[{"href":"https:\/\/www.osadapohadka.cz\/web\/wp-json\/wp\/v2\/types\/page"}],"author":[{"embeddable":true,"href":"https:\/\/www.osadapohadka.cz\/web\/wp-json\/wp\/v2\/users\/1"}],"replies":[{"embeddable":true,"href":"https:\/\/www.osadapohadka.cz\/web\/wp-json\/wp\/v2\/comments?post=435"}],"version-history":[{"count":2,"href":"https:\/\/www.osadapohadka.cz\/web\/wp-json\/wp\/v2\/pages\/435\/revisions"}],"predecessor-version":[{"id":576,"href":"https:\/\/www.osadapohadka.cz\/web\/wp-json\/wp\/v2\/pages\/435\/revisions\/576"}],"up":[{"embeddable":true,"href":"https:\/\/www.osadapohadka.cz\/web\/wp-json\/wp\/v2\/pages\/27"}],"wp:attachment":[{"href":"https:\/\/www.osadapohadka.cz\/web\/wp-json\/wp\/v2\/media?parent=435"}],"curies":[{"name":"wp","href":"https:\/\/api.w.org\/{rel}","templated":true}]}}