{"id":431,"date":"2013-03-01T13:35:54","date_gmt":"2013-03-01T13:35:54","guid":{"rendered":"http:\/\/www.osadapohadka.cz\/web\/?page_id=431"},"modified":"2013-05-29T08:04:50","modified_gmt":"2013-05-29T08:04:50","slug":"balonove-letani","status":"publish","type":"page","link":"https:\/\/www.osadapohadka.cz\/web\/fotogalerie\/balonove-letani\/","title":{"rendered":"Bal\u00f3nov\u00e9 l\u00e9t\u00e1n\u00ed"},"content":{"rendered":"<p>Bal\u00f3nov\u00e9 l\u00e9t\u00e1n\u00ed<\/p>\nngg_shortcode_0_placeholder\n<p>Ka\u017ed\u00fd rok, t\u0159et\u00ed v\u00edkend v \u010dervnu, se v B\u011ble pod Bezd\u011bzem po\u0159\u00e1d\u00e1 bal\u00f3nov\u00e9 l\u00e9t\u00e1n\u00ed.<\/p>\n","protected":false},"excerpt":{"rendered":"<p>Bal\u00f3nov\u00e9 l\u00e9t\u00e1n\u00ed Ka\u017ed\u00fd rok, t\u0159et\u00ed v\u00edkend v \u010dervnu, se v B\u011ble pod Bezd\u011bzem po\u0159\u00e1d\u00e1 bal\u00f3nov\u00e9 l\u00e9t\u00e1n\u00ed.<\/p>\n","protected":false},"author":1,"featured_media":0,"parent":27,"menu_order":9,"comment_status":"closed","ping_status":"open","template":"","meta":{"ngg_post_thumbnail":0,"_links_to":"","_links_to_target":""},"_links":{"self":[{"href":"https:\/\/www.osadapohadka.cz\/web\/wp-json\/wp\/v2\/pages\/431"}],"collection":[{"href":"https:\/\/www.osadapohadka.cz\/web\/wp-json\/wp\/v2\/pages"}],"about":[{"href":"https:\/\/www.osadapohadka.cz\/web\/wp-json\/wp\/v2\/types\/page"}],"author":[{"embeddable":true,"href":"https:\/\/www.osadapohadka.cz\/web\/wp-json\/wp\/v2\/users\/1"}],"replies":[{"embeddable":true,"href":"https:\/\/www.osadapohadka.cz\/web\/wp-json\/wp\/v2\/comments?post=431"}],"version-history":[{"count":4,"href":"https:\/\/www.osadapohadka.cz\/web\/wp-json\/wp\/v2\/pages\/431\/revisions"}],"predecessor-version":[{"id":579,"href":"https:\/\/www.osadapohadka.cz\/web\/wp-json\/wp\/v2\/pages\/431\/revisions\/579"}],"up":[{"embeddable":true,"href":"https:\/\/www.osadapohadka.cz\/web\/wp-json\/wp\/v2\/pages\/27"}],"wp:attachment":[{"href":"https:\/\/www.osadapohadka.cz\/web\/wp-json\/wp\/v2\/media?parent=431"}],"curies":[{"name":"wp","href":"https:\/\/api.w.org\/{rel}","templated":true}]}}