{"id":428,"date":"2013-03-01T13:32:43","date_gmt":"2013-03-01T13:32:43","guid":{"rendered":"http:\/\/www.osadapohadka.cz\/web\/?page_id=428"},"modified":"2013-05-29T13:58:01","modified_gmt":"2013-05-29T13:58:01","slug":"1-rocnik-kantryady","status":"publish","type":"page","link":"https:\/\/www.osadapohadka.cz\/web\/fotogalerie\/1-rocnik-kantryady\/","title":{"rendered":"1. ro\u010dn\u00edk KANTRY\u00c1DY"},"content":{"rendered":"<p>1. ro\u010dn\u00edk KANTRY\u00c1DY<\/p>\nngg_shortcode_0_placeholder\n<p>1. ro\u010dn\u00edk KANTRY\u00c1DY v Chatov\u00e9 osad\u011b Poh\u00e1dka v B\u011bl\u00e9 pod Bezd\u011bzem ve spolupr\u00e1ci s tane\u010dn\u00edm souborem Country Live Mlad\u00e1 Boleslav po\u0159\u00e1dan\u00e9 dne 13. z\u00e1\u0159\u00ed 2008<\/p>\n","protected":false},"excerpt":{"rendered":"<p>1. ro\u010dn\u00edk KANTRY\u00c1DY 1. ro\u010dn\u00edk KANTRY\u00c1DY v Chatov\u00e9 osad\u011b Poh\u00e1dka v B\u011bl\u00e9 pod Bezd\u011bzem ve spolupr\u00e1ci s tane\u010dn\u00edm souborem Country Live Mlad\u00e1 Boleslav po\u0159\u00e1dan\u00e9 dne 13. z\u00e1\u0159\u00ed 2008<\/p>\n","protected":false},"author":1,"featured_media":0,"parent":27,"menu_order":8,"comment_status":"closed","ping_status":"open","template":"","meta":{"ngg_post_thumbnail":0,"_links_to":"","_links_to_target":""},"_links":{"self":[{"href":"https:\/\/www.osadapohadka.cz\/web\/wp-json\/wp\/v2\/pages\/428"}],"collection":[{"href":"https:\/\/www.osadapohadka.cz\/web\/wp-json\/wp\/v2\/pages"}],"about":[{"href":"https:\/\/www.osadapohadka.cz\/web\/wp-json\/wp\/v2\/types\/page"}],"author":[{"embeddable":true,"href":"https:\/\/www.osadapohadka.cz\/web\/wp-json\/wp\/v2\/users\/1"}],"replies":[{"embeddable":true,"href":"https:\/\/www.osadapohadka.cz\/web\/wp-json\/wp\/v2\/comments?post=428"}],"version-history":[{"count":4,"href":"https:\/\/www.osadapohadka.cz\/web\/wp-json\/wp\/v2\/pages\/428\/revisions"}],"predecessor-version":[{"id":436,"href":"https:\/\/www.osadapohadka.cz\/web\/wp-json\/wp\/v2\/pages\/428\/revisions\/436"}],"up":[{"embeddable":true,"href":"https:\/\/www.osadapohadka.cz\/web\/wp-json\/wp\/v2\/pages\/27"}],"wp:attachment":[{"href":"https:\/\/www.osadapohadka.cz\/web\/wp-json\/wp\/v2\/media?parent=428"}],"curies":[{"name":"wp","href":"https:\/\/api.w.org\/{rel}","templated":true}]}}