{"id":426,"date":"2013-03-01T13:32:09","date_gmt":"2013-03-01T13:32:09","guid":{"rendered":"http:\/\/www.osadapohadka.cz\/web\/?page_id=426"},"modified":"2013-04-29T16:32:05","modified_gmt":"2013-04-29T16:32:05","slug":"letni-kurz-kresleni","status":"publish","type":"page","link":"https:\/\/www.osadapohadka.cz\/web\/fotogalerie\/letni-kurz-kresleni\/","title":{"rendered":"Letn\u00ed kurz kreslen\u00ed"},"content":{"rendered":"<p>Letn\u00ed kurz kreslen\u00ed<\/p>\nngg_shortcode_0_placeholder\n<p>Letn\u00ed kurz kreslen\u00ed pravou hemisferou pod veden\u00edm Ellen Dvo\u0159\u00e1kov\u00e9<br \/>\n<a href=\"http:\/\/www.obrazekuspechu.cz\">www.obrazekuspechu.cz<\/a><\/p>\n","protected":false},"excerpt":{"rendered":"<p>Letn\u00ed kurz kreslen\u00ed Letn\u00ed kurz kreslen\u00ed pravou hemisferou pod veden\u00edm Ellen Dvo\u0159\u00e1kov\u00e9 www.obrazekuspechu.cz<\/p>\n","protected":false},"author":1,"featured_media":0,"parent":27,"menu_order":7,"comment_status":"closed","ping_status":"open","template":"","meta":{"ngg_post_thumbnail":0,"_links_to":"","_links_to_target":""},"_links":{"self":[{"href":"https:\/\/www.osadapohadka.cz\/web\/wp-json\/wp\/v2\/pages\/426"}],"collection":[{"href":"https:\/\/www.osadapohadka.cz\/web\/wp-json\/wp\/v2\/pages"}],"about":[{"href":"https:\/\/www.osadapohadka.cz\/web\/wp-json\/wp\/v2\/types\/page"}],"author":[{"embeddable":true,"href":"https:\/\/www.osadapohadka.cz\/web\/wp-json\/wp\/v2\/users\/1"}],"replies":[{"embeddable":true,"href":"https:\/\/www.osadapohadka.cz\/web\/wp-json\/wp\/v2\/comments?post=426"}],"version-history":[{"count":2,"href":"https:\/\/www.osadapohadka.cz\/web\/wp-json\/wp\/v2\/pages\/426\/revisions"}],"predecessor-version":[{"id":578,"href":"https:\/\/www.osadapohadka.cz\/web\/wp-json\/wp\/v2\/pages\/426\/revisions\/578"}],"up":[{"embeddable":true,"href":"https:\/\/www.osadapohadka.cz\/web\/wp-json\/wp\/v2\/pages\/27"}],"wp:attachment":[{"href":"https:\/\/www.osadapohadka.cz\/web\/wp-json\/wp\/v2\/media?parent=426"}],"curies":[{"name":"wp","href":"https:\/\/api.w.org\/{rel}","templated":true}]}}