{"id":421,"date":"2013-03-01T13:30:29","date_gmt":"2013-03-01T13:30:29","guid":{"rendered":"http:\/\/www.osadapohadka.cz\/web\/?page_id=421"},"modified":"2013-03-01T13:30:29","modified_gmt":"2013-03-01T13:30:29","slug":"detske-letni-tabory-v-roce-2011","status":"publish","type":"page","link":"https:\/\/www.osadapohadka.cz\/web\/fotogalerie\/detske-letni-tabory-v-roce-2011\/","title":{"rendered":"D\u011btsk\u00e9 letn\u00ed t\u00e1bory v roce 2011"},"content":{"rendered":"<p>D\u011btsk\u00e9 letn\u00ed t\u00e1bory v roce 2011<\/p>\nngg_shortcode_0_placeholder\n","protected":false},"excerpt":{"rendered":"<p>D\u011btsk\u00e9 letn\u00ed t\u00e1bory v roce 2011<\/p>\n","protected":false},"author":1,"featured_media":0,"parent":27,"menu_order":5,"comment_status":"closed","ping_status":"open","template":"","meta":{"ngg_post_thumbnail":0,"_links_to":"","_links_to_target":""},"_links":{"self":[{"href":"https:\/\/www.osadapohadka.cz\/web\/wp-json\/wp\/v2\/pages\/421"}],"collection":[{"href":"https:\/\/www.osadapohadka.cz\/web\/wp-json\/wp\/v2\/pages"}],"about":[{"href":"https:\/\/www.osadapohadka.cz\/web\/wp-json\/wp\/v2\/types\/page"}],"author":[{"embeddable":true,"href":"https:\/\/www.osadapohadka.cz\/web\/wp-json\/wp\/v2\/users\/1"}],"replies":[{"embeddable":true,"href":"https:\/\/www.osadapohadka.cz\/web\/wp-json\/wp\/v2\/comments?post=421"}],"version-history":[{"count":1,"href":"https:\/\/www.osadapohadka.cz\/web\/wp-json\/wp\/v2\/pages\/421\/revisions"}],"predecessor-version":[{"id":422,"href":"https:\/\/www.osadapohadka.cz\/web\/wp-json\/wp\/v2\/pages\/421\/revisions\/422"}],"up":[{"embeddable":true,"href":"https:\/\/www.osadapohadka.cz\/web\/wp-json\/wp\/v2\/pages\/27"}],"wp:attachment":[{"href":"https:\/\/www.osadapohadka.cz\/web\/wp-json\/wp\/v2\/media?parent=421"}],"curies":[{"name":"wp","href":"https:\/\/api.w.org\/{rel}","templated":true}]}}