{"id":419,"date":"2013-03-01T13:29:31","date_gmt":"2013-03-01T13:29:31","guid":{"rendered":"http:\/\/www.osadapohadka.cz\/web\/?page_id=419"},"modified":"2013-03-01T13:29:31","modified_gmt":"2013-03-01T13:29:31","slug":"detske-letni-tabory-v-roce-2010","status":"publish","type":"page","link":"https:\/\/www.osadapohadka.cz\/web\/fotogalerie\/detske-letni-tabory-v-roce-2010\/","title":{"rendered":"D\u011btsk\u00e9 letn\u00ed t\u00e1bory v roce 2010"},"content":{"rendered":"<p>D\u011btsk\u00e9 letn\u00ed t\u00e1bory v roce 2010<\/p>\nngg_shortcode_0_placeholder\n","protected":false},"excerpt":{"rendered":"<p>D\u011btsk\u00e9 letn\u00ed t\u00e1bory v roce 2010<\/p>\n","protected":false},"author":1,"featured_media":0,"parent":27,"menu_order":4,"comment_status":"closed","ping_status":"open","template":"","meta":{"ngg_post_thumbnail":0,"_links_to":"","_links_to_target":""},"_links":{"self":[{"href":"https:\/\/www.osadapohadka.cz\/web\/wp-json\/wp\/v2\/pages\/419"}],"collection":[{"href":"https:\/\/www.osadapohadka.cz\/web\/wp-json\/wp\/v2\/pages"}],"about":[{"href":"https:\/\/www.osadapohadka.cz\/web\/wp-json\/wp\/v2\/types\/page"}],"author":[{"embeddable":true,"href":"https:\/\/www.osadapohadka.cz\/web\/wp-json\/wp\/v2\/users\/1"}],"replies":[{"embeddable":true,"href":"https:\/\/www.osadapohadka.cz\/web\/wp-json\/wp\/v2\/comments?post=419"}],"version-history":[{"count":1,"href":"https:\/\/www.osadapohadka.cz\/web\/wp-json\/wp\/v2\/pages\/419\/revisions"}],"predecessor-version":[{"id":420,"href":"https:\/\/www.osadapohadka.cz\/web\/wp-json\/wp\/v2\/pages\/419\/revisions\/420"}],"up":[{"embeddable":true,"href":"https:\/\/www.osadapohadka.cz\/web\/wp-json\/wp\/v2\/pages\/27"}],"wp:attachment":[{"href":"https:\/\/www.osadapohadka.cz\/web\/wp-json\/wp\/v2\/media?parent=419"}],"curies":[{"name":"wp","href":"https:\/\/api.w.org\/{rel}","templated":true}]}}