{"id":404,"date":"2013-02-28T20:44:18","date_gmt":"2013-02-28T20:44:18","guid":{"rendered":"http:\/\/www.osadapohadka.cz\/web\/?page_id=404"},"modified":"2013-05-30T06:30:27","modified_gmt":"2013-05-30T06:30:27","slug":"seminare-a-skoleni","status":"publish","type":"page","link":"https:\/\/www.osadapohadka.cz\/web\/fotogalerie\/seminare-a-skoleni\/","title":{"rendered":"Semin\u00e1\u0159e a \u0161kolen\u00ed"},"content":{"rendered":"<h3>Semin\u00e1\u0159e a \u0161kolen\u00ed<\/h3>\n<p>ngg_shortcode_0_placeholder<br \/>\nMo\u017enost pron\u00e1jmu k po\u0159\u00e1d\u00e1n\u00ed \u0161kolen\u00ed, semin\u00e1\u0159\u016f a vzd\u011bl\u00e1v\u00e1c\u00edch kurz\u016f.<\/p>\n","protected":false},"excerpt":{"rendered":"<p>Semin\u00e1\u0159e a \u0161kolen\u00ed Mo\u017enost pron\u00e1jmu k po\u0159\u00e1d\u00e1n\u00ed \u0161kolen\u00ed, semin\u00e1\u0159\u016f a vzd\u011bl\u00e1v\u00e1c\u00edch kurz\u016f.<\/p>\n","protected":false},"author":1,"featured_media":0,"parent":27,"menu_order":2,"comment_status":"closed","ping_status":"open","template":"","meta":{"ngg_post_thumbnail":0,"_links_to":"","_links_to_target":""},"_links":{"self":[{"href":"https:\/\/www.osadapohadka.cz\/web\/wp-json\/wp\/v2\/pages\/404"}],"collection":[{"href":"https:\/\/www.osadapohadka.cz\/web\/wp-json\/wp\/v2\/pages"}],"about":[{"href":"https:\/\/www.osadapohadka.cz\/web\/wp-json\/wp\/v2\/types\/page"}],"author":[{"embeddable":true,"href":"https:\/\/www.osadapohadka.cz\/web\/wp-json\/wp\/v2\/users\/1"}],"replies":[{"embeddable":true,"href":"https:\/\/www.osadapohadka.cz\/web\/wp-json\/wp\/v2\/comments?post=404"}],"version-history":[{"count":3,"href":"https:\/\/www.osadapohadka.cz\/web\/wp-json\/wp\/v2\/pages\/404\/revisions"}],"predecessor-version":[{"id":829,"href":"https:\/\/www.osadapohadka.cz\/web\/wp-json\/wp\/v2\/pages\/404\/revisions\/829"}],"up":[{"embeddable":true,"href":"https:\/\/www.osadapohadka.cz\/web\/wp-json\/wp\/v2\/pages\/27"}],"wp:attachment":[{"href":"https:\/\/www.osadapohadka.cz\/web\/wp-json\/wp\/v2\/media?parent=404"}],"curies":[{"name":"wp","href":"https:\/\/api.w.org\/{rel}","templated":true}]}}