{"id":27,"date":"2013-01-03T20:17:25","date_gmt":"2013-01-03T20:17:25","guid":{"rendered":"http:\/\/osadapohadka.cz\/web\/?page_id=27"},"modified":"2013-11-20T11:25:20","modified_gmt":"2013-11-20T11:25:20","slug":"fotogalerie","status":"publish","type":"page","link":"https:\/\/www.osadapohadka.cz\/web\/fotogalerie\/","title":{"rendered":"Fotogalerie"},"content":{"rendered":"<div class=\"grid\"><div class=\"c-one-half \">\n<h4><a href=\"https:\/\/www.osadapohadka.cz\/web\/fotogalerie\/penzion-diana-villa-diana-ubytovani-v-soukromi\/#\/\">Penzion Diana *** Villa Diana *** ubytov\u00e1n\u00ed v soukrom\u00ed<br \/>\nv B\u011bl\u00e9 pod Bezd\u011bzem<\/a><\/h4>\n<p><a href=\"https:\/\/www.osadapohadka.cz\/web\/fotogalerie\/penzion-diana-villa-diana-ubytovani-v-soukromi\/\"><img loading=\"lazy\" class=\"alignnone\" style=\"border: 1px solid black;\" alt=\"\" src=\"https:\/\/www.osadapohadka.cz\/web\/wp-content\/gallery\/penzion-diana-villa-diana-ubytovani-v-soukromi\/p7065065.jpg\" width=\"400\" height=\"300\" \/><\/a><\/p>\n<p>Ubytov\u00e1n\u00ed ve 2, 3, 4 a 5-ti l\u016f\u017ekov\u00fdch studi\u00edch a apartm\u00e1nech s vlastn\u00ed kuchy\u0148kou, chladni\u010dkou, s koupelnou a WC. Informace na: <a href=\"http:\/\/www.dianapenzion.cz\">http:\/\/www.dianapenzion.cz<\/a><\/div><br \/>\n<div class=\"c-one-half \">\n<h4><a href=\"https:\/\/www.osadapohadka.cz\/web\/fotogalerie\/seminare-a-skoleni\/\">Semin\u00e1\u0159e a \u0161kolen\u00ed<\/a><\/h4>\n<p><a href=\"https:\/\/www.osadapohadka.cz\/web\/fotogalerie\/seminare-a-skoleni\/\"><img loading=\"lazy\" class=\"alignnone\" style=\"border: 1px solid black;\" alt=\"\" src=\"https:\/\/www.osadapohadka.cz\/web\/wp-content\/gallery\/seminare-a-skoleni\/p7065087.jpg\" width=\"400\" height=\"300\" \/><\/a><br \/>\nMo\u017enost pron\u00e1jmu k po\u0159\u00e1d\u00e1n\u00ed \u0161kolen\u00ed, semin\u00e1\u0159\u016f a vzd\u011bl\u00e1v\u00e1c\u00edch kurz\u016f.<\/div><\/div><\/p>\n<p>&nbsp;<\/p>\n<div class=\"grid\"><div class=\"c-one-half \">\n<h4><a href=\"https:\/\/www.osadapohadka.cz\/web\/fotogalerie\/chatova-osada-pohadka-bela-pod-bezdezem\/\">Chatov\u00e1 osada Poh\u00e1dka B\u011bl\u00e1 pod Bezd\u011bzem<\/a><\/h4>\n<p><a href=\"https:\/\/www.osadapohadka.cz\/web\/fotogalerie\/chatova-osada-pohadka-bela-pod-bezdezem\/\"><img loading=\"lazy\" class=\"alignnone\" style=\"border: 1px solid black;\" alt=\"\" src=\"https:\/\/www.osadapohadka.cz\/web\/wp-content\/gallery\/ubytovani\/dsc_4537_result.jpg\" width=\"400\" height=\"300\" \/><\/a><br \/>\nUbytov\u00e1n\u00ed ve 4 l\u016f\u017ekov\u00fdch chatk\u00e1ch. Vhodn\u00e9 pro d\u011btsk\u00e9 letn\u00ed t\u00e1bory, \u0161koln\u00ed v\u00fdlety, cyklisty i turisty, rekreanty i firmy, pro po\u0159\u00e1d\u00e1n\u00ed \u0161kolen\u00ed a semin\u00e1\u0159\u016f. Informace na: <a href=\"http:\/\/www.osadapohadka.cz\">http:\/\/www.osadapohadka.cz<\/a><br \/>\n<\/div><br \/>\n<div class=\"c-one-half \">\n<h4><a href=\"https:\/\/www.osadapohadka.cz\/web\/detske-letni-tabory-v-roce-2013\/\">D\u011btsk\u00e9 letn\u00ed t\u00e1bory v roce 2013<\/a><\/h4>\n<p><a href=\"https:\/\/www.osadapohadka.cz\/web\/detske-letni-tabory-v-roce-2013\/\"><img loading=\"lazy\" class=\"alignnone\" style=\"border: 1px solid black;\" alt=\"\" src=\"https:\/\/www.osadapohadka.cz\/web\/wp-content\/gallery\/detske-letni-tabory-v-roce-2013\/dsc_8780.jpg\" width=\"400\" height=\"300\" \/><\/a><br \/>\n<\/div><\/div><\/p>\n<p>&nbsp;<\/p>\n<div class=\"grid\"><div class=\"c-one-half \">\n<h4><a href=\"https:\/\/www.osadapohadka.cz\/web\/fotogalerie\/detske-letni-tabory-v-roce-2012\/\">D\u011btsk\u00e9 letn\u00ed t\u00e1bory v roce 2012<\/a><\/h4>\n<p><a href=\"https:\/\/www.osadapohadka.cz\/web\/fotogalerie\/detske-letni-tabory-v-roce-2012\/\"><img loading=\"lazy\" class=\"alignnone\" style=\"border: 1px solid black;\" alt=\"\" src=\"https:\/\/www.osadapohadka.cz\/web\/wp-content\/gallery\/detske-tabory-2012\/big_14.jpg\" width=\"400\" height=\"300\" \/><\/a><br \/>\nOb\u010dansk\u00e9 sdru\u017een\u00ed Zem\u011b lid\u00ed o.s. <a href=\"http:\/\/www.zemelidi.cz\">http:\/\/www.zemelidi.cz<\/a><\/div>\n<div class=\"c-one-half \">\n<h4><a href=\"https:\/\/www.osadapohadka.cz\/web\/fotogalerie\/detske-letni-tabory-v-roce-2011\/\">D\u011btsk\u00e9 letn\u00ed t\u00e1bory v roce 2011<\/a><\/h4>\n<p><a href=\"https:\/\/www.osadapohadka.cz\/web\/fotogalerie\/detske-letni-tabory-v-roce-2011\/\"><img loading=\"lazy\" class=\"alignnone\" style=\"border: 1px solid black;\" alt=\"\" src=\"https:\/\/www.osadapohadka.cz\/web\/wp-content\/gallery\/detske-letni-tabory-v-roce-2011\/sam_0590_zmenseno.jpg\" width=\"400\" height=\"300\" \/><\/a><\/div><\/div>\n<p>&nbsp;<\/p>\n<div class=\"grid\"><div class=\"c-one-half \">\n<h4><a href=\"https:\/\/www.osadapohadka.cz\/web\/fotogalerie\/detske-letni-tabory-v-roce-2010\/\">D\u011btsk\u00e9 letn\u00ed t\u00e1bory v roce 2010<\/a><\/h4>\n<p><a href=\"https:\/\/www.osadapohadka.cz\/web\/fotogalerie\/detske-letni-tabory-v-roce-2010\/\"><img loading=\"lazy\" class=\"alignnone\" style=\"border: 1px solid black;\" alt=\"\" src=\"https:\/\/www.osadapohadka.cz\/web\/wp-content\/gallery\/detske-letni-tabory-v-roce-2010\/dscn1509.jpg\" width=\"400\" height=\"300\" \/><\/a><\/div>\n<div class=\"c-one-half \">\n<h4><a href=\"https:\/\/www.osadapohadka.cz\/web\/fotogalerie\/detske-letni-tabory-v-roce-2009\/\">D\u011btsk\u00e9 letn\u00ed t\u00e1bory v roce 2009<\/a><\/h4>\n<p><a href=\"https:\/\/www.osadapohadka.cz\/web\/fotogalerie\/detske-letni-tabory-v-roce-2009\/\"><img loading=\"lazy\" class=\"alignnone\" style=\"border: 1px solid black;\" alt=\"\" src=\"https:\/\/www.osadapohadka.cz\/web\/wp-content\/gallery\/detske-letni-tabory-v-roce-2009\/pict0103.jpg\" width=\"400\" height=\"300\" \/><\/a><\/div><\/div>\n<p>&nbsp;<\/p>\n<div class=\"grid\"><div class=\"c-one-half \">\n<h4><a href=\"https:\/\/www.osadapohadka.cz\/web\/fotogalerie\/letni-kurz-kresleni\/\">Letn\u00ed kurz kreslen\u00ed<\/a><\/h4>\n<p><a href=\"https:\/\/www.osadapohadka.cz\/web\/fotogalerie\/letni-kurz-kresleni\/\"><img loading=\"lazy\" class=\"alignnone\" style=\"border: 1px solid black;\" alt=\"\" src=\"https:\/\/www.osadapohadka.cz\/web\/wp-content\/gallery\/letni-kurz-kresleni\/kresleni_5.jpg\" width=\"400\" height=\"300\" \/><\/a><br \/>\nLetn\u00ed kurz kreslen\u00ed pravou hemisferou pod veden\u00edm Ellen Dvo\u0159\u00e1kov\u00e9<br \/>\n<a href=\"http:\/\/www.obrazekuspechu.cz\">www.obrazekuspechu.cz<\/a><\/div>\n<div class=\"c-one-half \">\n<h4><a href=\"https:\/\/www.osadapohadka.cz\/web\/fotogalerie\/1-rocnik-kantryady\/\">1. ro\u010dn\u00edk KANTRY\u00c1DY<\/a><\/h4>\n<p><a href=\"https:\/\/www.osadapohadka.cz\/web\/fotogalerie\/1-rocnik-kantryady\/\"><img loading=\"lazy\" class=\"alignnone\" style=\"border: 1px solid black;\" alt=\"\" src=\"https:\/\/www.osadapohadka.cz\/web\/wp-content\/gallery\/1-rocnik-kantryady\/chatova_osada_country_7.jpg\" width=\"400\" height=\"300\" \/><\/a><br \/>\n1. ro\u010dn\u00edk KANTRY\u00c1DY v Chatov\u00e9 osad\u011b Poh\u00e1dka v B\u011bl\u00e9 pod Bezd\u011bzem ve spolupr\u00e1ci s tane\u010dn\u00edm souborem Country Live Mlad\u00e1 Boleslav po\u0159\u00e1dan\u00e9 dne 13. z\u00e1\u0159\u00ed 2008<\/div><\/div>\n<p>&nbsp;<\/p>\n<div class=\"grid\"><div class=\"c-one-half \">\n<h4><a href=\"https:\/\/www.osadapohadka.cz\/web\/fotogalerie\/balonove-letani\/\">Bal\u00f3nov\u00e9 l\u00e9t\u00e1n\u00ed<\/a><\/h4>\n<p><a href=\"https:\/\/www.osadapohadka.cz\/web\/fotogalerie\/balonove-letani\/\"><img loading=\"lazy\" class=\"alignnone\" style=\"border: 1px solid black;\" alt=\"\" src=\"https:\/\/www.osadapohadka.cz\/web\/wp-content\/gallery\/balonove-letani\/dsc_2712.jpg\" width=\"400\" height=\"300\" \/><\/a><br \/>\nKa\u017ed\u00fd rok, t\u0159et\u00ed v\u00edkend v \u010dervnu, se v B\u011bl\u00e9 pod Bezd\u011bzem po\u0159\u00e1d\u00e1 bal\u00f3nov\u00e9 l\u00e9t\u00e1n\u00ed.<\/div>\n<div class=\"c-one-half \">\n<h4><a href=\"https:\/\/www.osadapohadka.cz\/web\/fotogalerie\/staj-katerina-h-h\/\">St\u00e1j Kate\u0159ina H + H<\/a><\/h4>\n<p><a href=\"https:\/\/www.osadapohadka.cz\/web\/fotogalerie\/staj-katerina-h-h\/\"><img loading=\"lazy\" class=\"alignnone\" style=\"border: 1px solid black;\" alt=\"\" src=\"https:\/\/www.osadapohadka.cz\/web\/wp-content\/gallery\/staj-katerina-h-h\/jednosprezi_09.jpg\" width=\"400\" height=\"300\" \/><\/a><br \/>\nVyj\u00ed\u017e\u010fky do malebn\u00e9 p\u0159\u00edrody ve voln\u00e9m \u010dase pro jednotlivce, rodi\u010de s d\u011btmi i pro cel\u00e9 skupiny.<br \/>\n<a href=\"http:\/\/www.stajkaterina.cz\">www.stajkaterina.cz<\/a><\/div><\/div>\n<h4><a href=\"https:\/\/www.osadapohadka.cz\/web\/fotogalerie\/bela-pod-bezdezem\/\">HRAD BEZD\u011aZ<\/a><\/h4>\n<p><a href=\"https:\/\/www.osadapohadka.cz\/web\/fotogalerie\/bela-pod-bezdezem\/\"><img loading=\"lazy\" class=\"alignnone\" style=\"border: 1px solid black;\" alt=\"\" src=\"https:\/\/www.osadapohadka.cz\/web\/wp-content\/gallery\/bela-pod-bezdezem\/22-_prevod.jpg\" width=\"800\" height=\"403\" \/><\/a><br \/>\nDominantu m\u011bsta tvo\u0159\u00ed 5 km vzd\u00e1len\u00fd\u00a0 hrad Bezd\u011bz. Pohled na n\u011bho je kr\u00e1sn\u00fd v ka\u017ed\u00e9m ro\u010dn\u00edm obdob\u00ed.<br \/>\n<div class=\"divider-top meta\"><a class=\"meta\" href=\"#\">Zp\u011bt nahoru<\/a><div><\/div><\/div><\/p>\n","protected":false},"excerpt":{"rendered":"<p>&nbsp; &nbsp; &nbsp; &nbsp; &nbsp; HRAD BEZD\u011aZ Dominantu m\u011bsta tvo\u0159\u00ed 5 km vzd\u00e1len\u00fd\u00a0 hrad Bezd\u011bz. Pohled na n\u011bho je kr\u00e1sn\u00fd v ka\u017ed\u00e9m ro\u010dn\u00edm obdob\u00ed.<\/p>\n","protected":false},"author":1,"featured_media":0,"parent":0,"menu_order":0,"comment_status":"closed","ping_status":"open","template":"","meta":{"ngg_post_thumbnail":0,"_links_to":"","_links_to_target":""},"_links":{"self":[{"href":"https:\/\/www.osadapohadka.cz\/web\/wp-json\/wp\/v2\/pages\/27"}],"collection":[{"href":"https:\/\/www.osadapohadka.cz\/web\/wp-json\/wp\/v2\/pages"}],"about":[{"href":"https:\/\/www.osadapohadka.cz\/web\/wp-json\/wp\/v2\/types\/page"}],"author":[{"embeddable":true,"href":"https:\/\/www.osadapohadka.cz\/web\/wp-json\/wp\/v2\/users\/1"}],"replies":[{"embeddable":true,"href":"https:\/\/www.osadapohadka.cz\/web\/wp-json\/wp\/v2\/comments?post=27"}],"version-history":[{"count":144,"href":"https:\/\/www.osadapohadka.cz\/web\/wp-json\/wp\/v2\/pages\/27\/revisions"}],"predecessor-version":[{"id":785,"href":"https:\/\/www.osadapohadka.cz\/web\/wp-json\/wp\/v2\/pages\/27\/revisions\/785"}],"wp:attachment":[{"href":"https:\/\/www.osadapohadka.cz\/web\/wp-json\/wp\/v2\/media?parent=27"}],"curies":[{"name":"wp","href":"https:\/\/api.w.org\/{rel}","templated":true}]}}