{"id":216,"date":"2013-01-05T17:23:05","date_gmt":"2013-01-05T17:23:05","guid":{"rendered":"http:\/\/www.osadapohadka.cz\/web\/?page_id=216"},"modified":"2021-07-21T12:56:18","modified_gmt":"2021-07-21T12:56:18","slug":"uvod-2","status":"publish","type":"page","link":"https:\/\/www.osadapohadka.cz\/web\/","title":{"rendered":"\u00davod"},"content":{"rendered":"<br \/>\n<div id=\"heading-counter-1\" class=\"heading heading-1 type-divider\" ><h1><span class=\"inner\"><span class=\"helper-1\"><\/span>V\u00edtejte v chatov\u00e9 osad\u011b Poh\u00e1dka <span class=\"helper-2\"><\/span><\/span><\/h1><\/div><br \/>\n<div class=\"grid\"><div class=\"c-one-half \"><br \/>\n<strong>Chatov\u00e1 osada Poh\u00e1dka<\/strong> je um\u00edst\u011bna v lesoparku, na okraji malebn\u00e9ho m\u011bste\u010dka obklopen\u00e9ho lesy. Jej\u00ed p\u0159\u00edjemn\u00e1 poloha umo\u017e\u0148uje host\u016fm pro\u017e\u00edt zde dny pln\u00e9 klidu a pohody, ale i n\u00e1v\u0161t\u011bvn\u00edk\u016fm vyhled\u00e1vaj\u00edc\u00edm aktivn\u00ed odpo\u010dinek poskytuje sportovn\u00ed vy\u017eit\u00ed.<\/p>\n<p>Ubytov\u00e1n\u00ed je vhodn\u00e9 pro d\u011btsk\u00e9 t\u00e1bory, cyklisty, turisty, rodiny s d\u011btmi, skupiny i firmy. Osada je \u010d\u00e1ste\u010dn\u011b bezbarierov\u00e1. Jednotliv\u00e9 chaty maj\u00ed mezi sebou prostor, n\u00e1v\u0161t\u011bvn\u00edci se neru\u0161\u00ed. Jen 200m od osady je p\u011bkn\u00e9 p\u0159\u00edrodn\u00ed koupali\u0161t\u011b, 300m rybn\u00edk k ryba\u0159en\u00ed a 3km in-line dr\u00e1ha. Pobyt mo\u017en\u00fd se psem.<br \/>\n<\/div><div class=\"c-one-half \"><br \/>\n<strong>B\u011bl\u00e1 pod Bezd\u011bzem<\/strong> (300 m.n.v.) pat\u0159\u00ed k rekrea\u010dn\u00ed oblasti M\u00e1chova kraje. Le\u017e\u00ed v mikroregionu Nisa na rozhran\u00ed t\u0159\u00ed region\u016f \u2013 CHKO \u010cesk\u00fd r\u00e1j, CHKO Koko\u0159\u00ednska a Podralska. 12 km&nbsp; Doksy &#8211; M\u00e1chovo jezero a 13 km Mlad\u00e1 Boleslav. Asi 200 m od osady vede p\u0159eshrani\u010dn\u00ed cyklotrasa \u010d. 241 M\u011bln\u00edk\u2013\u017ditava, na kterou navazuje cyklotrasa \u010d. 3040 \u2013 3045 B\u011bl\u00e1 p.B.-Hr\u00e1dek-\u017ditava. Dominantu m\u011bsta tvo\u0159\u00ed 7 km vzd\u00e1len\u00fd hrad Bezd\u011bz, kter\u00fd vznikl na podn\u011bt kr\u00e1le P\u0159emysla Otakara II. kolem roku 1264. Z jeho zrekonstruovan\u00e9 v\u011b\u017ee je velmi p\u011bkn\u00fd rozhled do \u0161irok\u00e9ho okol\u00ed. Hrad Bezd\u011bz byl v roce 1978 vyhl\u00e1\u0161en n\u00e1rodn\u00ed kulturn\u00ed pam\u00e1tkou.<\/p>\n<p>Aktualizov\u00e1no 21.7.2021<br \/>\n<\/div><\/div><br \/>\n<div class=\"divider type-simple\"><\/div><\/p>\n<p style=\"text-align: center;\"><a href=\"https:\/\/www.osadapohadka.cz\/web\/kontakty\/\" rel=\"attachment wp-att-453\"><img loading=\"lazy\" class=\"alignnone size-full wp-image-453\" src=\"https:\/\/www.osadapohadka.cz\/web\/wp-content\/uploads\/2013\/03\/piktogramy_5.jpg\" alt=\"piktogramy_5\" width=\"900\" height=\"280\"><\/a><\/p>\n","protected":false},"excerpt":{"rendered":"","protected":false},"author":1,"featured_media":0,"parent":0,"menu_order":0,"comment_status":"closed","ping_status":"open","template":"","meta":{"ngg_post_thumbnail":0,"_links_to":"","_links_to_target":""},"_links":{"self":[{"href":"https:\/\/www.osadapohadka.cz\/web\/wp-json\/wp\/v2\/pages\/216"}],"collection":[{"href":"https:\/\/www.osadapohadka.cz\/web\/wp-json\/wp\/v2\/pages"}],"about":[{"href":"https:\/\/www.osadapohadka.cz\/web\/wp-json\/wp\/v2\/types\/page"}],"author":[{"embeddable":true,"href":"https:\/\/www.osadapohadka.cz\/web\/wp-json\/wp\/v2\/users\/1"}],"replies":[{"embeddable":true,"href":"https:\/\/www.osadapohadka.cz\/web\/wp-json\/wp\/v2\/comments?post=216"}],"version-history":[{"count":4,"href":"https:\/\/www.osadapohadka.cz\/web\/wp-json\/wp\/v2\/pages\/216\/revisions"}],"predecessor-version":[{"id":897,"href":"https:\/\/www.osadapohadka.cz\/web\/wp-json\/wp\/v2\/pages\/216\/revisions\/897"}],"wp:attachment":[{"href":"https:\/\/www.osadapohadka.cz\/web\/wp-json\/wp\/v2\/media?parent=216"}],"curies":[{"name":"wp","href":"https:\/\/api.w.org\/{rel}","templated":true}]}}