{"id":17,"date":"2013-01-03T20:04:03","date_gmt":"2013-01-03T20:04:03","guid":{"rendered":"http:\/\/osadapohadka.cz\/web\/?page_id=17"},"modified":"2026-01-11T17:26:34","modified_gmt":"2026-01-11T17:26:34","slug":"detske-ozdravne-letni-tabory","status":"publish","type":"page","link":"https:\/\/www.osadapohadka.cz\/web\/detske-ozdravne-letni-tabory\/","title":{"rendered":"D\u011btsk\u00e9 ozdravn\u00e9 letn\u00ed t\u00e1bory"},"content":{"rendered":"<h3><\/h3>\n<h3><em><strong>Term\u00edny kon\u00e1n\u00ed d\u011btsk\u00fdch t\u00e1bor\u016f :<\/strong><\/em><\/h3>\n<p>&nbsp;<\/p>\n<p>&nbsp;<\/p>\n<p><strong>D\u011btsk\u00fd letn\u00ed t\u00e1bor \u010cesk\u00e1 L\u00edpa : 04\/07\/2026 &#8211; 17\/07\/2026<\/strong><br \/>\nD\u011btsk\u00fd t\u00e1bor s celot\u00e1borovou hrou, s kolem i bez kola, kdo bude cht\u00edt, vezme si kolo a bude jezdit na v\u00fdlety, kdo ne, bude chodit na v\u00fdlety p\u011b\u0161ky. T\u011b\u0161it se m\u016f\u017eete na celot\u00e1borovou hru, stoln\u00ed tenis, pl\u00e1\u017eov\u00fd volejbal, fotbal, koupali\u0161t\u011b 100 m, letn\u00ed kino, t\u00e1bor\u00e1k, diskot\u00e9ky, sout\u011b\u017ee, sportov\u00e1n\u00ed, v\u00fdtvarn\u00e1 \u010dinnost, no\u010dn\u00ed hry a spousta legrace v prima part\u011b.\u00a0 Pozn\u00e1\u0161 nov\u00e9 kamar\u00e1dy a za\u017eije\u0161 hodn\u011b z\u00e1bavy. O d\u011bti se star\u00e1 kolektiv zku\u0161en\u00fdch vedouc\u00edch, zdravotn\u00edk a kucha\u0159ky.<\/p>\n<p>doprava na kole a vlakem,\u00a0 po domluv\u011b vlastn\u00ed<\/p>\n<p>pro d\u011bti od 7 &#8211; 15 let<\/p>\n<p>cena &#8211; informace na n\u00ed\u017ee uveden\u00e9m kontaktu<br \/>\nP\u0159ihl\u00e1\u0161ky: Ing. \u0160t\u011bp\u00e1nka Mimrov\u00e1, DDM Libertin, \u010cesk\u00e1 L\u00edpa<br \/>\ne-mail <a href=\"mailto:stepankamimrova@centrum.cz\">stepankamimrova@centrum.cz<\/a>, telefon 724 328 984 , www.libertin.cz<\/p>\n<p>&nbsp;<\/p>\n<p><strong>Voln\u00fd Term\u00edn<\/strong><\/p>\n<p>18\/07\/2026 &#8211; 24\/07\/2026<\/p>\n<p>25\/07\/2026 &#8211; 31\/07\/2026<\/p>\n<p>&nbsp;<\/p>\n<p><strong>Nov\u00e9 M\u011bsto pod Smrkem : 01\/08\/2026 &#8211; 10\/08\/2026<\/strong><\/p>\n<p>&nbsp;<\/p>\n<p><strong>Voln\u00fd Term\u00edn<\/strong><\/p>\n<p>11\/08\/2026 &#8211; 31\/08\/2026<\/p>\n<p>&nbsp;<\/p>\n<p>&nbsp;<\/p>\n<p>&nbsp;<\/p>\n<p><strong>\u00a0<\/strong><\/p>\n<p>&nbsp;<\/p>\n<p>&nbsp;<\/p>\n<p>&nbsp;<\/p>\n","protected":false},"excerpt":{"rendered":"<p>Term\u00edny kon\u00e1n\u00ed d\u011btsk\u00fdch t\u00e1bor\u016f : &nbsp; &nbsp; D\u011btsk\u00fd letn\u00ed t\u00e1bor \u010cesk\u00e1 L\u00edpa : 04\/07\/2026 &#8211; 17\/07\/2026 D\u011btsk\u00fd t\u00e1bor s celot\u00e1borovou hrou, s kolem i bez kola, kdo bude cht\u00edt, vezme si kolo a bude jezdit na v\u00fdlety, kdo ne, bude chodit na v\u00fdlety p\u011b\u0161ky. T\u011b\u0161it se m\u016f\u017eete na celot\u00e1borovou hru, stoln\u00ed tenis, pl\u00e1\u017eov\u00fd volejbal, fotbal, [&hellip;]<\/p>\n","protected":false},"author":1,"featured_media":0,"parent":0,"menu_order":0,"comment_status":"closed","ping_status":"open","template":"","meta":{"ngg_post_thumbnail":0,"_links_to":"","_links_to_target":""},"_links":{"self":[{"href":"https:\/\/www.osadapohadka.cz\/web\/wp-json\/wp\/v2\/pages\/17"}],"collection":[{"href":"https:\/\/www.osadapohadka.cz\/web\/wp-json\/wp\/v2\/pages"}],"about":[{"href":"https:\/\/www.osadapohadka.cz\/web\/wp-json\/wp\/v2\/types\/page"}],"author":[{"embeddable":true,"href":"https:\/\/www.osadapohadka.cz\/web\/wp-json\/wp\/v2\/users\/1"}],"replies":[{"embeddable":true,"href":"https:\/\/www.osadapohadka.cz\/web\/wp-json\/wp\/v2\/comments?post=17"}],"version-history":[{"count":5,"href":"https:\/\/www.osadapohadka.cz\/web\/wp-json\/wp\/v2\/pages\/17\/revisions"}],"predecessor-version":[{"id":917,"href":"https:\/\/www.osadapohadka.cz\/web\/wp-json\/wp\/v2\/pages\/17\/revisions\/917"}],"wp:attachment":[{"href":"https:\/\/www.osadapohadka.cz\/web\/wp-json\/wp\/v2\/media?parent=17"}],"curies":[{"name":"wp","href":"https:\/\/api.w.org\/{rel}","templated":true}]}}