{"id":12,"date":"2013-01-03T19:59:43","date_gmt":"2013-01-03T19:59:43","guid":{"rendered":"http:\/\/osadapohadka.cz\/web\/?page_id=12"},"modified":"2016-09-02T10:29:29","modified_gmt":"2016-09-02T10:29:29","slug":"ubytovani","status":"publish","type":"page","link":"https:\/\/www.osadapohadka.cz\/web\/ubytovani\/","title":{"rendered":"Ubytov\u00e1n\u00ed"},"content":{"rendered":"<div class=\"grid\"><div class=\"c-one-half \">\n<h3><em><strong>V\u00edt\u00e1me V\u00e1s na osad\u011b Poh\u00e1dka<br \/>\nv B\u011bl\u00e9 pod Bezd\u011bzem<\/strong><\/em><\/h3>\n<p><strong>Chatov\u00e1 osada Poh\u00e1dka<\/strong> je um\u00edst\u011bna v lesoparku, na okraji lesa. Prostor osady je \u010dlenit\u00fd, mezi jednotliv\u00fdmi chatkami je dostatek m\u00edsta, aby se jejich obyvatel\u00e9 neru\u0161ili. Cel\u00e1 je oplocen\u00e1.<\/p>\n<p>Celou chatovou osadu nebo jej\u00ed \u010d\u00e1st je mo\u017eno pronajmout jako t\u00e1bo\u0159i\u0161t\u011b pro d\u011btsk\u00e9 letn\u00ed t\u00e1bory. Kuchy\u0148 pronajmeme &#8211; dle dohody. Ve spole\u010densk\u00e9 m\u00edstnosti \u00a0jsou kamna, kde je mo\u017eno za chladn\u00e9ho po\u010das\u00ed d\u011btem zatopit.<br \/>\nNejsme v z\u00e1plavov\u00e9 oblasti.<br \/>\n<\/div><div class=\"c-one-half \">ngg_shortcode_0_placeholder<\/div><\/div><div class=\"divider type-simple\"><\/div><div class=\"grid\"><div class=\"c-one-half \">ngg_shortcode_1_placeholder<\/div><br \/>\n<div class=\"c-one-half \">\n<h3><em><strong>Ubytov\u00e1n\u00ed:<\/strong><\/em><\/h3>\n<p>je ve \u010dty\u0159l\u016f\u017ekov\u00fdch chatk\u00e1ch s terasou, jednodu\u0161e vybaven\u00e9. Soci\u00e1ln\u00ed za\u0159\u00edzen\u00ed je spole\u010dn\u00e9, nov\u011b opraven\u00e9. V chatce jsou dv\u011b v\u00e1lendy, palanda \/horn\u00ed l\u016f\u017eko zabezpe\u010deno\/, st\u016fl, \u017eidle a sk\u0159\u00ed\u0148.<\/p>\n<p>Kapacita chatov\u00e9 osady je 130 osob.<\/p>\n<p>Osada je \u010d\u00e1ste\u010dn\u011b bezbari\u00e9rov\u00e1, mohou j\u00ed tedy vyu\u017e\u00edt i lid\u00e9 t\u011blesn\u011b posti\u017een\u00ed.<\/p>\n<p>Mo\u017enost ubytov\u00e1n\u00ed s dom\u00e1c\u00edmi zv\u00ed\u0159aty.<\/p>\n<p>Parkov\u00e1n\u00ed u chatek.<\/p>\n<p>D\u011btem vezm\u011bte s sebou kolo, kolob\u011b\u017eku, t\u0159\u00edkolku, kole\u010dkov\u00e9 brusle.<br \/>\n<\/div><\/div><div class=\"divider type-simple\"><\/div><div class=\"grid\"><div class=\"c-one-half \">\n<h3><em><strong>Stravov\u00e1n\u00ed:<\/strong><\/em><\/h3>\n<p>Terasu, j\u00eddelnu i vybavenou kuchy\u0148 je mo\u017eno pronajmout.<\/p>\n<p>Ale je mo\u017en\u00e9 i vlastn\u00ed va\u0159en\u00ed, v are\u00e1lu je pro hosty p\u0159ipravena mal\u00e1 kuchy\u0148ka s ledni\u010dkou a d\u0159ezy na myt\u00ed n\u00e1dob\u00ed. Je nutn\u00e9 dov\u00e9zt vlastn\u00ed n\u00e1dob\u00ed a propanbutanov\u00fd va\u0159i\u010d. Mo\u017eno dov\u00e9zt vlastn\u00ed gril na d\u0159ev\u011bn\u00e9 uhl\u00ed.<\/div><div class=\"c-one-half \">ngg_shortcode_2_placeholder<\/div><\/div><div class=\"divider type-simple\"><\/div><div class=\"grid\"><div class=\"c-one-half \">ngg_shortcode_3_placeholder<\/div><div class=\"c-one-half \">\n<h3><em><strong>Bydlen\u00ed je vhodn\u00e9 pro:<\/strong><\/em><\/h3>\n<p>&#8211; rodiny s d\u011btmi<br \/>\n&#8211; \u0161koln\u00ed v\u00fdlety<br \/>\n&#8211; \u0161koly v p\u0159\u00edrod\u011b<br \/>\n&#8211; d\u011btsk\u00e9 letn\u00ed t\u00e1bory a soust\u0159ed\u011bn\u00ed<br \/>\n&#8211; \u0161kolen\u00ed, semin\u00e1\u0159e, kurzy<br \/>\n&#8211; setk\u00e1n\u00ed p\u0159\u00e1tel, spolu\u017e\u00e1k\u016f, spolupracovn\u00edk\u016f<br \/>\n&#8211; pracovn\u00ed skupiny<br \/>\n&#8211; cyklisty a turisty<br \/>\n&#8211; svatby, rodinn\u00e9 oslavy<\/div><\/div><div class=\"divider type-simple\"><\/div><div class=\"grid\"><div class=\"c-one-half \">\n<h3><em><strong>V are\u00e1lu chatov\u00e9 osady je :<\/strong><\/em><\/h3>\n<p>&#8211; restaurace s velkou, krytou letn\u00ed terasou \/d\u011btsk\u00e9 t\u00e1bory j\u00ed mohou vyu\u017e\u00edt pro sv\u016fj program\/<br \/>\n&#8211; ohni\u0161t\u011b na op\u00e9k\u00e1n\u00ed, mo\u017eno dov\u00e9zt mal\u00fd gril na d\u0159ev\u011bn\u00e9 uhl\u00ed<br \/>\n&#8211; spole\u010dn\u00e1 kuchy\u0148ka, nutno dov\u00e9zt vlastn\u00ed n\u00e1dob\u00ed a propanbutanov\u00fd va\u0159i\u010d<br \/>\n&#8211; nov\u011b opraven\u00e9 soci\u00e1ln\u00ed za\u0159\u00edzen\u00ed, p\u0159ebalovac\u00ed st\u016fl, tepl\u00e1 voda cel\u00fd den<br \/>\n&#8211; h\u0159i\u0161t\u011b na pl\u00e1\u017eov\u00fd volejbal, nohejbal, fotbal ( rozm\u011br 15m x 25m )<br \/>\n&#8211; travnat\u00e9 plochy na m\u00ed\u010dov\u00e9 hry<br \/>\n&#8211; pingpongov\u00fd st\u016fl<br \/>\n&#8211; d\u011btsk\u00e9 h\u0159\u00ed\u0161t\u011b \u2013 houpa\u010dky, skluzavka a p\u00edskovi\u0161t\u011b pro d\u011bti<br \/>\n&#8211; venkovn\u00ed sprchy se studenou vodou<br \/>\n&#8211; bezbari\u00e9rov\u00e9 p\u0159\u00edstupy<\/div><div class=\"c-one-half \">ngg_shortcode_4_placeholder<\/div><\/div><div class=\"divider type-simple\"><\/div><div class=\"grid\"><div class=\"c-one-half \"><\/div><\/div><div class=\"grid\"><div class=\"c-one-half \">ngg_shortcode_5_placeholder<\/div><br \/>\n<div class=\"c-one-half \">\n<h3><em><strong>V bl\u00edzk\u00e9m okol\u00ed osady :<\/strong><\/em><\/h3>\n<p>&#8211; 300 m rybn\u00edk Slon k rybolovu ( povolenky zprost\u0159edkujeme )<br \/>\n&#8211; 5 km j\u00edzd\u00e1rna s ko\u0148mi<br \/>\n&#8211; 500 m skateboardov\u00e9 h\u0159i\u0161t\u011b<br \/>\n&#8211; 10 km golfov\u00e9 h\u0159\u00ed\u0161t\u011b u Mlad\u00e9 Boleslavi ( 18 jamek )<br \/>\n&#8211; 3 km in-line dr\u00e1ha<br \/>\n<\/div><\/div><br \/>\n<div class=\"divider type-simple\"><\/div><div class=\"grid\"><div class=\"c-one-half \">\n<h3><em><strong>Koup\u00e1n\u00ed :<\/strong><\/em><\/h3>\n<p>&#8211; cca 200 m od osady p\u0159\u00edrodn\u00ed koupali\u0161t\u011b s d\u011btsk\u00fdm baz\u00e9nem<br \/>\n&#8211; 12 km M\u00e1chovo jezero<br \/>\n&#8211; 12 km venkovn\u00ed koupali\u0161t\u011b v Mlad\u00e9 Boleslavi s tobog\u00e1ny a venkovn\u00edmi atrakcemi ( nov\u011b vybudov\u00e1no v roce 2010 )<br \/>\n&#8211; 12 km kryt\u00fd plaveck\u00fd baz\u00e9n v Mlad\u00e9 Boleslavi<br \/>\n&#8211; 30 km kryt\u00fd plaveck\u00fd baz\u00e9n s toboganem v \u010cesk\u00e9 Lip\u011b<br \/>\n&#8211; 50 km aquapark Babylon v Liberci<\/p>\n<\/div><div class=\"c-one-half \">ngg_shortcode_6_placeholder<\/div><\/div><div class=\"divider-top meta\"><a class=\"meta\" href=\"#\">Zp\u011bt nahoru<\/a><div><\/div><\/div><\/p>\n","protected":false},"excerpt":{"rendered":"","protected":false},"author":1,"featured_media":0,"parent":0,"menu_order":0,"comment_status":"closed","ping_status":"open","template":"","meta":{"ngg_post_thumbnail":0,"_links_to":"","_links_to_target":""},"_links":{"self":[{"href":"https:\/\/www.osadapohadka.cz\/web\/wp-json\/wp\/v2\/pages\/12"}],"collection":[{"href":"https:\/\/www.osadapohadka.cz\/web\/wp-json\/wp\/v2\/pages"}],"about":[{"href":"https:\/\/www.osadapohadka.cz\/web\/wp-json\/wp\/v2\/types\/page"}],"author":[{"embeddable":true,"href":"https:\/\/www.osadapohadka.cz\/web\/wp-json\/wp\/v2\/users\/1"}],"replies":[{"embeddable":true,"href":"https:\/\/www.osadapohadka.cz\/web\/wp-json\/wp\/v2\/comments?post=12"}],"version-history":[{"count":4,"href":"https:\/\/www.osadapohadka.cz\/web\/wp-json\/wp\/v2\/pages\/12\/revisions"}],"predecessor-version":[{"id":860,"href":"https:\/\/www.osadapohadka.cz\/web\/wp-json\/wp\/v2\/pages\/12\/revisions\/860"}],"wp:attachment":[{"href":"https:\/\/www.osadapohadka.cz\/web\/wp-json\/wp\/v2\/media?parent=12"}],"curies":[{"name":"wp","href":"https:\/\/api.w.org\/{rel}","templated":true}]}}